{"id":29,"date":"2010-11-17T14:56:38","date_gmt":"2010-11-17T14:56:38","guid":{"rendered":"http:\/\/www.variantcb.cz\/?page_id=29"},"modified":"2018-11-17T20:19:11","modified_gmt":"2018-11-17T20:19:11","slug":"kontakt","status":"publish","type":"page","link":"https:\/\/www.variantcb.cz\/?page_id=29","title":{"rendered":"Kontakt"},"content":{"rendered":"<div>\n<table class=\"contact\" border=\"0\">\n<tbody>\n<tr>\n<td class=\"photo\"><img loading=\"lazy\" decoding=\"async\" title=\"\" src=\"http:\/\/www.variantcb.cz\/wp-content\/uploads\/2015\/10\/Koubek-final.jpg\" alt=\"\" width=\"90\" height=\"116\"><\/td>\n<td>\n<div><strong>Zden\u011bk Koubek<\/strong><\/div>\n<div><em>mana\u017eer orchestru<\/em><\/div>\n<div>mobil: 777 185 696<\/div>\n<div>e-mail:&nbsp;<a href=\"mailto:\">zkoubek@gmail.com <\/a><\/div>\n<\/td>\n<\/tr>\n<\/tbody>\n<\/table>\n<\/div>\n<div>&nbsp;<\/div>\n<div>\n<table class=\"contact\" border=\"0\">\n<tbody>\n<tr>\n<td class=\"photo\"><img loading=\"lazy\" decoding=\"async\" class=\"size-full wp-image-79 alignnone\" title=\"V\u00e1clav Knotek\" src=\"http:\/\/www.variantcb.cz\/wp-content\/uploads\/2015\/10\/knotek-final.jpg\" alt=\"V\u00e1clav Knotek\" width=\"90\" height=\"116\"><\/td>\n<td><strong>V\u00e1clav Knotek<\/strong><br \/>\n<em>kapeln\u00edk orchestru<\/em><\/p>\n<div>mobil: 739 080 206<br \/>\nemail: <a href=\"mailto:vacla.knotek@iol.cz\">vaclav.knotek@iol.cz<\/a><\/div>\n<\/td>\n<\/tr>\n<\/tbody>\n<\/table>\n<\/div>\n","protected":false},"excerpt":{"rendered":"<p>Zden\u011bk Koubek mana\u017eer orchestru mobil: 777 185 696 e-mail:&nbsp;zkoubek@gmail.com &nbsp; V\u00e1clav Knotek kapeln\u00edk orchestru mobil: 739 080 206 email: vaclav.knotek@iol.cz<\/p>\n","protected":false},"author":1,"featured_media":0,"parent":0,"menu_order":8,"comment_status":"open","ping_status":"closed","template":"","meta":{"footnotes":""},"class_list":["post-29","page","type-page","status-publish","hentry"],"_links":{"self":[{"href":"https:\/\/www.variantcb.cz\/index.php?rest_route=\/wp\/v2\/pages\/29","targetHints":{"allow":["GET"]}}],"collection":[{"href":"https:\/\/www.variantcb.cz\/index.php?rest_route=\/wp\/v2\/pages"}],"about":[{"href":"https:\/\/www.variantcb.cz\/index.php?rest_route=\/wp\/v2\/types\/page"}],"author":[{"embeddable":true,"href":"https:\/\/www.variantcb.cz\/index.php?rest_route=\/wp\/v2\/users\/1"}],"replies":[{"embeddable":true,"href":"https:\/\/www.variantcb.cz\/index.php?rest_route=%2Fwp%2Fv2%2Fcomments&post=29"}],"version-history":[{"count":0,"href":"https:\/\/www.variantcb.cz\/index.php?rest_route=\/wp\/v2\/pages\/29\/revisions"}],"wp:attachment":[{"href":"https:\/\/www.variantcb.cz\/index.php?rest_route=%2Fwp%2Fv2%2Fmedia&parent=29"}],"curies":[{"name":"wp","href":"https:\/\/api.w.org\/{rel}","templated":true}]}}