{"id":2650,"date":"2020-03-01T20:22:19","date_gmt":"2020-03-01T20:22:19","guid":{"rendered":"http:\/\/www.variantcb.cz\/?page_id=2650"},"modified":"2020-03-01T22:04:05","modified_gmt":"2020-03-01T22:04:05","slug":"muzikantske-historky","status":"publish","type":"page","link":"https:\/\/www.variantcb.cz\/?page_id=2650","title":{"rendered":"Muzikantsk\u00e9 historky"},"content":{"rendered":"\n<p style=\"text-align: justify;\">Skoro v ka\u017ed\u00e9 part\u011b muzikant\u016f je na produkci zvykem ob\u010das &#8222;vyt\u00e1hnout&#8220; n\u011bjak\u00e9 z\u00e1\u017eitky o kter\u00e9 se ten kter\u00fd vyprav\u011b\u010d r\u00e1d pod\u011bl\u00ed. A b\u00fdvaj\u00ed to velmi \u010dasto dost &#8222;zaj\u00edmav\u00e9&#8220; p\u0159\u00edhody.\u00a0 Nen\u00ed to, samoz\u0159ejm\u011b specifikum jenom muzikant\u016f. Nejslavn\u011bj\u0161\u00ed historky, a je\u0161t\u011b k tomu skv\u011ble, vypr\u00e1v\u011bj\u00ed herci <em>(a \u017ee jich je)<\/em>, nebo t\u0159eba sportovci, moder\u00e1to\u0159i, ale ur\u010dit\u011b takov\u00e9 maj\u00ed t\u0159eba\u00a0 i zahr\u00e1dk\u00e1\u0159i, model\u00e1\u0159i &#8230;.\u00a0<\/p>\n<p style=\"text-align: justify;\">N\u011bkter\u00e9 z\u00e1\u017eitky jsem si v d\u0159evn\u00edch dob\u00e1ch kapely zapisoval a byla by \u0161koda je nechat jen tak zapadnout. V\u011bt\u0161ina z t\u011bch nejpopul\u00e1rn\u011bj\u0161\u00edch se ale ned\u00e1 ve\u0159ejn\u011b publikovat. Vybral jsem jenom n\u011bco m\u00e1lo z t\u011bch sp\u00ed\u0161e zaj\u00edmav\u00fdch, ne\u017eli peprn\u00fdch p\u0159\u00edhod. Nejsou mo\u017en\u00e1 k &#8222;utlu\u010den\u00ed sm\u00edchem&#8220; jako ty v pod\u00e1n\u00ed Miroslava Donutila a dal\u0161\u00edch prof\u00edk\u016f, ale jsou zaps\u00e1ny tak, jak se opravdu staly. Nic jsem k nim nep\u0159id\u00e1val. Pokud se tam n\u011bco dostalo &#8222;nav\u00edc&#8220;, tak jen d\u00edky moj\u00ed nedokonal\u00e9 pam\u011bti :-).\u00a0<\/p>\n<p style=\"text-align: center;\"><em><strong>&#8222;Tak deme na to!&#8220;<\/strong><\/em><\/p>\n<hr \/>\n<p><a name=\"_Toc243756266\"><\/a><strong>Prodlu\u017eova\u010dka<\/strong><\/p>\n<p><em>7. \u00fanora 1981 \u2013 hotel v Netolic\u00edch\u00a0 \u2013 Ples pracuj\u00edc\u00edch.<\/em><\/p>\n<p style=\"text-align: justify;\">Jedna ze \u201esiln\u00fdch\u201c vzpom\u00ednek se odehr\u00e1la na v\u00fd\u0161e uveden\u00e9m Plese pracuj\u00edc\u00edch, co\u017e byla kamuflovan\u00e1 merenda m\u00edstn\u00ed organizace <strong>KS\u010c<\/strong> <strong>v Netolic\u00edch <\/strong><em>(je fakt, \u017ee m\u00edstn\u00ed to zase tak moc v\u00e1\u017en\u011b ne\u0159e\u0161ili).<\/em> Mimochodem, ve vzpom\u00ednce tehdej\u0161\u00edch hr\u00e1\u010d\u016f kapely z\u016fstala i jedna kuri\u00f3zn\u00ed drobnost \u2013 prvn\u00ed cena v tombole! Tou byl kr\u00e1sn\u00fd, marcip\u00e1nov\u00fd, kulat\u00fd dort s \u010dervenou p\u011btic\u00edpou hv\u011bzdou na l\u00edcov\u00e9 stran\u011b, v jej\u00edm\u017e st\u0159edu se skv\u011bl v\u011brn\u011b vyveden\u00fd \u017elut\u00fd marcip\u00e1nov\u00fd symbol sov\u011btsk\u00fdch soudruh\u016f &#8211; zk\u0159\u00ed\u017een\u00fd <strong>srp a kladivo<\/strong>. To jsme fakt nikde p\u0159edt\u00edm ani potom nevid\u011bli. Ale to nebyl ani zdaleka jedin\u00fd \u0161ok toho ve\u010dera. Ten se dostavil vz\u00e1p\u011bt\u00ed po zn\u011blce Variantu a rozt\u0159esen\u00e9m \u00favodn\u00edm slov\u011b za\u010d\u00ednaj\u00edc\u00edho konferenci\u00e9ra a zp\u011bv\u00e1ka, p\u0159ezd\u00edvan\u00e9ho \u201ekostit\u0159as\u201c <em>(tzn. dne\u0161n\u00ed kapeln\u00edk \u2013 a m\u011bl jsem doopravdy pouh\u00fdch 75 kg !).<\/em><\/p>\n<p style=\"text-align: justify;\">Hned po prvn\u00edch t\u00f3nech slavnostn\u00edho waltzu, kter\u00fd m\u011bl zak\u0159iknut\u00e9 div\u00e1ky vyl\u00e1kat na tane\u010dn\u00ed parket, se z improvizovan\u00e9ho jevi\u0161t\u011b hotelov\u00e9 j\u00eddelny, \u201ez\u0159\u00edtila\u201c \u010d\u00e1st rytmick\u00e9 sekce \u2013 jmenovit\u011b: p\u00e1nov\u00e9 <strong>Toman <\/strong>a <strong>Kudrle<\/strong>. Jejich extempore vytrhlo div\u00e1ky z letargie a vyloudilo na jejich tv\u00e1\u0159\u00edch grimasy pohor\u0161en\u00ed, v\u010detn\u011b pozn\u00e1mek na adresu muzikant\u016f, kte\u0159\u00ed zapom\u00ednaj\u00ed na z\u00e1sadu, \u017ee \u201eo\u017erat\u201c se maj\u00ed a\u017e jako posledn\u00ed.<\/p>\n<p style=\"text-align: justify;\">\u201eJ\u00e1dro pudla\u201c se ale nach\u00e1zelo docela jinde. Na vin\u011b nebyl tentokr\u00e1t zcela v\u00fdjime\u010dn\u011b alkohol, ale \u0161patn\u011b zapojen\u00e1 elektrick\u00e1 \u201eprodlu\u017eova\u010dka\u201c a 220 siln\u00fdch volt\u016f v basov\u00e9 kyta\u0159e <strong>Lubo\u0161e<\/strong> <strong>Tomana<\/strong>. Ten se neproz\u0159eteln\u011b dotkl mikrofonu a po\u010dal prapodivn\u011b \u201etan\u010dit\u201c co\u017e zpozoroval jako prvn\u00ed tehdej\u0161\u00ed kapeln\u00edk <strong>Kudrle, <\/strong>stoj\u00edc\u00ed vedle n\u011bho, a hned mu do\u0161lo, co se d\u011bje!\u00a0Pokusil se kolegu odtrhnout od mikrofonu a zm\u011bnil se v\u00a0kondenz\u00e1tor i on. Tak se tam n\u011bkolik vte\u0159in dru\u017en\u011b kroutili a vyvalovali o\u010di, a\u017e se jim poda\u0159ilo upadnout rovnou na tane\u010dn\u00ed parket, co\u017e m\u011blo jedinou v\u00fdhodu \u2013 toti\u017e tu, \u017ee se odpojili ze s\u00edt\u011b.<\/p>\n<p style=\"text-align: justify;\">Co\u017e o to, po\u0159adatel\u00e9 si to vysv\u011btlit nechali, ale n\u011bkte\u0159\u00ed pohor\u0161en\u00ed div\u00e1ci si prost\u011b nedali vymluvit, \u017ee oba protagonist\u00e9 netradi\u010dn\u00edho v\u00fdstupu jsou na \u201emoll\u201c. Chladnou hlavu\u00a0 si zachoval jako v\u017edy legend\u00e1rn\u00ed multiinstrumentalista a \u00fa\u017easn\u00e1, sv\u00e9bytn\u00e1 osobnost, pan <strong>JUDr<\/strong> <strong>Mitiska.<\/strong> Poru\u010dil ob\u011bma velk\u00fd rum a se slovy: <strong>\u201eRum se, p\u00e1nov\u00e9 poj\u00ed se v\u0161\u00edm.\u201c<\/strong> je \u010d\u00e1ste\u010dn\u011b srovnal \u201edo figury\u201c. Toto\u017en\u00e9ho v\u00fdroku pou\u017eil toho ve\u010dera je\u0161t\u011b jednou, kdy\u017e <strong>Pep\u00edk<\/strong> <strong>Novosad<\/strong><em> (saxofonista)<\/em>, hltaj\u00edc\u00ed jednohubky, spolkl jednu i s\u00a0p\u00e1r\u00e1tkem a to mu uv\u00edzlo v\u00a0krku.<\/p>\n<p style=\"text-align: justify;\">Se stoupaj\u00edc\u00ed hladinou alkoholu v\u00a0krvi netoli\u010dt\u00ed zm\u011bnili n\u00e1zor na neot\u0159el\u00e9 a nov\u00e1torsk\u00e9 praktiky VARIANTU a pozvali si n\u00e1s nap\u0159esrok na sv\u016fj ples, hned ten ve\u010der, znova.<\/p>\n<p style=\"text-align: justify;\">Jedin\u00e9 co n\u00e1s trochu mrzelo bylo to, \u017ee jsme nevid\u011bli v\u00fdherce prvn\u00ed ceny, jak si cpe marcip\u00e1nov\u00e9 symboly \u201ejedin\u00e9 strany\u201c do krku a zal\u00e9v\u00e1 je pivem.<\/p>\n<hr \/>\n<p><a name=\"_Toc243756268\"><\/a><strong>V\u00fdpadek<\/strong><\/p>\n<p>Rok 2001, z\u00e1meck\u00e1 j\u00edzd\u00e1rna v \u010cesk\u00e9 Krumlov\u011b, ples Jihostroje Vele\u0161\u00edn.<\/p>\n<p style=\"text-align: justify;\">P\u0159ijeli jsme samoz\u0159ejm\u011b, jako v\u017edycky, v\u00a0dostate\u010dn\u00e9m \u010dasov\u00e9m p\u0159edstihu, aby <strong>R\u00e1\u010fa-Rychl\u00edk<\/strong> <em>(kytarista a vlastn\u00edk aparatury<\/em><em>)<\/em> a <strong>Va\u0161ek Kaska<\/strong> <em>(zvuka\u0159)<\/em> sta\u010dili smontovat, s\u00a0na\u0161\u00ed laxn\u00ed pomoc\u00ed, celou aparaturu. Tenhle ples jsme hr\u00e1li u\u017e po n\u011bkolik\u00e1t\u00e9 a dost n\u00e1m z\u00e1le\u017eelo na tom, aby v\u0161echno \u201eklaplo\u201c. Trochu se n\u00e1m do toho po parketu motaly dva p\u00e1ry \u201epiluj\u00edc\u00ed\u201c p\u0159edtan\u010den\u00ed za doprovodu chraplaj\u00edc\u00edho \u201emagne\u0165\u00e1ku\u201c. Ostatn\u011b &#8211; pr\u00e1v\u011b tohle za\u0159\u00edzen\u00ed se kupodivu, stalo kl\u00ed\u010dov\u00fdm \u201ekamenem \u00farazu\u201c cel\u00e9ho nadch\u00e1zej\u00edc\u00edho d\u011bn\u00ed.\u00a0<\/p>\n<p style=\"text-align: justify;\">Okolo p\u016fl osm\u00e9 <em>(19.30 SE\u010c)<\/em> bylo v\u0161e p\u0159ipraveno k\u00a0napojen\u00ed na elektrickou s\u00ed\u0165 <em>(lid\u00e9 pohybuj\u00edc\u00ed se v\u00a0bran\u017ei v\u011bd\u00ed, \u017ee aparatura mus\u00ed \u010derpat elekt\u0159inu z\u00a0jednoho jedin\u00e9ho m\u00edsta, jinak doch\u00e1z\u00ed \u2013\u00a0z pro mne nezn\u00e1m\u00fdch d\u016fvod\u016f \u2013 k ne\u017e\u00e1douc\u00edm \u0161um\u016fm, brum\u016fm a v\u016fbec to stoj\u00ed za <u>\u2026.<\/u> <u>nic<\/u> !)<\/em>. <strong>R\u00e1\u010fa<\/strong> tedy vyt\u00e1hnul ze z\u00e1suvky s\u00ed\u0165ovou \u0161\u0148\u016fru ji\u017e vzpom\u00ednan\u00e9ho \u201emagne\u0165\u00e1ku\u201c\u00a0 a razantn\u011b do n\u00ed zapnul kapelu. Na pultech se rozsv\u00edtily lampi\u010dky, ale zato zcela on\u011bm\u011bla v\u0161echna comba <em>(reproduk\u010dn\u00ed soupravy k\u00a0jednotliv\u00fdm n\u00e1stroj\u016fm)<\/em>\u00a0 a n\u011bjak se neda\u0159ilo uv\u00e9st do provozu hlavn\u00ed aparaturu. Z\u00e1hadou z\u016fst\u00e1valy rozsv\u00edcen\u00e9 lampi\u010dky na pultech, dokazuj\u00edc\u00ed p\u0159\u00edtomnost proudu v\u00a0okruhu a naproti tomu, zcela n\u011bm\u00e1 comba. N\u011bjakou chv\u00edli trvalo, ne\u017e se na\u0161el spr\u00e1vce j\u00edzd\u00e1rny a nakonec i <strong>technik<\/strong>, kter\u00fd byl na\u0161t\u011bst\u00ed doma a nev\u00e1hal p\u0159ijet ohro\u017eenou akci zachr\u00e1nit, proto\u017ee \u201echytr\u00e9 hlavy\u201c vydedukovaly, \u017ee probl\u00e9m je n\u011bkde v\u00a0elektrick\u00e9 instalaci\u00a0j\u00edzd\u00e1rny.<\/p>\n<p style=\"text-align: justify;\">S\u00e1l se za\u010dal plnit hosty plesu a pohled hlavn\u00ed po\u0159adatelky z\u00a0agentury <strong>Auviex<\/strong>, pan\u00ed <strong>Kon\u00ed\u010dkov\u00e9<\/strong>, po\u010dal o\u010dividn\u011b tvrdnout a pozb\u00fdvat v\u0159elosti. Ude\u0159ila osm\u00e1 <em>(20.00)<\/em> a aparatura byla po\u0159\u00e1d n\u011bm\u00e1. M\u00edstn\u00edmu technikovi se poda\u0159ilo nat\u00e1hnout elektrickou prodlu\u017eova\u010dku a\u017e k\u00a0trafostanici venku p\u0159ed budovou, ale aparatura st\u00e1le nereagovala. Telefonick\u00fdm dotazem na dispe\u010dink na rozvodn\u011b jsme si pouze ov\u011b\u0159ili, \u017ee nikde \u017e\u00e1dn\u00e1 porucha nen\u00ed hl\u00e1\u0161ena.<\/p>\n<p style=\"text-align: justify;\">V\u00a0s\u00e1le za\u010dali p\u0159ed\u010dasn\u011b rozn\u00e1\u0161et ve\u010de\u0159i, kter\u00e1 se m\u011bla pod\u00e1vat a\u017e ve 22.00, aby div\u00e1ky n\u011bjak zabavili. Na \u017e\u00e1dost pan\u00ed <strong>Kon\u00ed\u010dkov\u00e9<\/strong>, jsme zatroubili fanf\u00e1ru a j\u00e1 <em>(kapeln\u00edk)<\/em> jsem se pokusil, d\u00e1 se \u0159\u00edci, \u017ee dost ne\u00fasp\u011b\u0161n\u011b, vyk\u0159i\u010det do s\u00e1lu, \u017ee na odstran\u011bn\u00ed poruchy se usilovn\u011b pracuje. Nev\u00edm, kam a\u017e mne bylo sly\u0161et, ale \u017e\u00e1dn\u00e1 sl\u00e1va to asi nebyla. Situace byla nanejv\u00fd\u0161 zoufal\u00e1 a nikdo nev\u011bd\u011bl, co budeme d\u011blat.<\/p>\n<p>Ale proto\u017ee v\u0161echno mus\u00ed m\u00edt n\u011bjak\u00fd konec \u2013 a v\u00a0tomto p\u0159\u00edpad\u011b to byl dobr\u00fd konec, pova\u017eovali jsme to, co se stalo ve 20.15 p\u0159\u00edmo za z\u00e1zrak.<\/p>\n<p style=\"text-align: justify;\">I kdy\u017e jsme, hned na za\u010d\u00e1tku, p\u0159i nam\u00e1tkov\u00e9 kontrole pojistek v\u00a0aparatu\u0159e nezjistili jejich po\u0161kozen\u00ed, nenechal se t\u00edm \u201ej\u00edzd\u00e1rensk\u00fd\u201c <strong>technik<\/strong> zm\u00e1st a odvezl do sv\u00e9 d\u00edlny basov\u00e9 combo. Tam vym\u011bnil pojistky a ejhle (!) \u2013 za\u010dalo hr\u00e1t. Pak mu svitlo! Z\u00e1meck\u00e1 j\u00edzd\u00e1rna m\u00e1 toti\u017e v\u00a0elektroinstalaci na s\u00e1le jednu specialitu a to dost blbou specialitu. Hned vedle norm\u00e1ln\u00edch z\u00e1suvek na 220 V\u00a0jsou z\u00e1suvky ke \u201estm\u00edva\u010d\u016fm\u201c s\u00a0jin\u00fdm nap\u011bt\u00edm a ty byly jen nen\u00e1padn\u011b ozna\u010deny. Na sv\u011btle hn\u011bd\u00e9m krytu byla nalepena k\u0159\u00ed\u017eem samolep\u00edc\u00ed, tmav\u011b hn\u011bd\u00e1 p\u00e1ska, bez jak\u00e9hokoliv popisu <em>(dod\u00e1v\u00e1m pro \u00faplnost, \u017ee po tomto incidentu, u\u017e jsou v\u0161echny z\u00e1suvky ozna\u010deny v\u00fdrazn\u011b)<\/em>. A pr\u00e1v\u011b v\u00a0t\u00e9hle z\u00e1suvce m\u011bli tane\u010dn\u00edci zapojen\u00fd sv\u016fj zdroj zvuku, \u010d\u00edm\u017e uvedli v\u00a0omyl na\u0161e zvuka\u0159e. Hned po zapojen\u00ed toti\u017e \u201eode\u0161ly\u201c pojistky ve v\u0161ech zesilova\u010d\u00edch, i kdy\u017e norm\u00e1ln\u00ed lampi\u010dky <em>(na muzikantsk\u00fdch pultech)<\/em> sv\u00edtily d\u00e1l. Z\u00e1hada byla objasn\u011bna, ale to je\u0161t\u011b ani zdaleka nebyl konec v\u0161em probl\u00e9m\u016fm.<\/p>\n<p style=\"text-align: justify;\">Jeliko\u017e se n\u011bco takov\u00e9ho dalo jen st\u011b\u017e\u00ed p\u0159edv\u00eddat, nedali jsme dohromady tolik n\u00e1hradn\u00edch pojistek, kolik bylo t\u0159eba. A za\u010dalo dal\u0161\u00ed kolo. R\u00e1\u010fovi se poda\u0159ilo zburcovat ex-zvuka\u0159e kapely <strong>M\u00edru Jane\u0161\u00edka<\/strong>, kter\u00fd nev\u00e1hal, sbalil doma co mohl a vyrazil z Borovan do Krumlova s \u201et\u011b\u017ekou nohou\u201c na plynov\u00e9m ped\u00e1lu sv\u00e9ho vozu. Dorazil v rekordn\u00edm \u010dase \u2013 rad\u011bji nebudu uv\u00e1d\u011bt za jak dlouho tu vzd\u00e1lenost p\u0159ekonal \u2013 a rovn\u011b\u017e v rekordn\u00edm \u010dase s na\u0161imi zvuka\u0159i uvedli do provozu alespo\u0148 to nejnutn\u011bj\u0161\u00ed, aby ples mohl za\u010d\u00edt. A tak, zat\u00edm co na jevi\u0161ti se od 21.00 hodin kone\u010dn\u011b za\u010dalo hr\u00e1t, v z\u00e1kulis\u00ed se usilovn\u011b pracovalo na zprovozn\u011bn\u00ed dal\u0161\u00edch za\u0159\u00edzen\u00ed postupn\u011b zapojovan\u00fdch \u201eza chodu\u201c do provozu.<\/p>\n<p style=\"text-align: justify;\">V\u00a0t\u00e9 chv\u00edli jsem si ani s\u00e1m neuv\u011bdomil rozsah ob\u011btav\u00e9 pomoci lid\u00ed, kte\u0159\u00ed se pod\u00edleli na z\u00e1chran\u011b tohoto plesu <em>(a \u017ee to mohl b\u00fdt po\u0159\u00e1dn\u00fd \u201epr\u016f\u2026..<\/em>) a vlastn\u011b jsem jim tenkr\u00e1t ani po\u0159\u00e1dn\u011b nepod\u011bkoval. \u010cin\u00edm tak a\u017e te\u010f dodate\u010dn\u011b a o to srde\u010dn\u011bji.\u00a0<\/p>\n<p style=\"text-align: justify;\">_______________________________________________________________<\/p>\n<p>plesy Jihostroje jsme hr\u00e1li v roce\u00a0 1995, 1996, 1998, 2000, 2001, 2002, 2003, 2004, 2005, 2006, 2007, 2008, 2009. 2010, 2011, 2012, 2013, 2014, 2015<\/p>\n<div id=\"attachment_2670\" style=\"width: 601px\" class=\"wp-caption alignright\"><a href=\"http:\/\/www.variantcb.cz\/wp-content\/uploads\/2020\/03\/CK-1996-j\u00edzd\u00e1rna.jpg\"><img loading=\"lazy\" decoding=\"async\" aria-describedby=\"caption-attachment-2670\" class=\"wp-image-2670 \" src=\"http:\/\/www.variantcb.cz\/wp-content\/uploads\/2020\/03\/CK-1996-j\u00edzd\u00e1rna-1024x768.jpg\" alt=\"\" width=\"591\" height=\"443\" \/><\/a><p id=\"caption-attachment-2670\" class=\"wp-caption-text\">Z\u00e1meck\u00e1 j\u00edzd\u00e1rna v \u010c. Krumlov\u011b 1996<\/p><\/div>\n<p><strong>Do Krumlova jezd\u00edme r\u00e1di<\/strong><em> (jenom takov\u00e1 drobn\u00e1 nehoda&#8230;)<\/em><\/p>\n<p style=\"text-align: justify;\">V\u00a0roce 2001 jsme hr\u00e1li v\u00a0z\u00e1meck\u00e9 j\u00edzd\u00e1rn\u011b v\u00a0\u010cesk\u00e9m Krumlov\u011b ples, rad\u011bji poml\u010d\u00edm komu. Hrajeme, hrajeme a najednou m\u00e9 perifern\u00ed sly\u0161en\u00ed zaznamenalo, \u017ee za\u010d\u00ednaj\u00ed umlkat \u201edechy\u201c p\u011bkn\u011b jeden za druh\u00fdm. A za chvili\u010dku se zase jeden po druh\u00e9m za\u010dali p\u0159id\u00e1vat. Sekce m\u011bla tenkr\u00e1t p\u011bt n\u00e1stroj\u016f, tak to chv\u00edli trvalo a kouk\u00e1m, \u017ee se muzikanti n\u011bjak podez\u0159ele uculuj\u00ed. O pauze jsem \u0161el za <strong>Honzou Mal\u00e1skem<\/strong>\u00a0 <em>(pozoun)<\/em> a pt\u00e1m se, co se tam stalo. \u201eAle nic,\u201c usm\u00e1l se pod vousy veterin\u00e1\u0159<strong> \u201echerchez la femme\u201c<\/strong> <em>(za v\u0161\u00edm hledej \u017eenu)<\/em>. Potom mi v\u0161e vysv\u011btlil.<\/p>\n<p style=\"text-align: justify;\">Dechovou sekci \u201estav\u00edme\u201c co nejbl\u00ed\u017ee okraje jevi\u0161t\u011b, aby do s\u00e1lu co nejv\u00edce zn\u011bl, zvuka\u0159em neupravovan\u00fd, p\u0159irozen\u00fd zvuk n\u00e1stroj\u016f. A jak tam tak v \u0159ad\u011b st\u00e1lo v\u0161ech p\u011bt hudebn\u00edk\u016f, p\u0159itan\u010dil p\u0159\u00edmo pod n\u011b p\u00e1r mlad\u00fdch lid\u00ed. On ve slu\u0161iv\u00e9m b\u00edl\u00e9m obleku a ona v \u0161atech s &#8211; po \u010dertech odv\u00e1\u017en\u00fdm &#8211; v\u00fdst\u0159ihem a je\u0161t\u011b k tomu po\u0159\u00e1dn\u011b napln\u011bn\u00fdm. No a pr\u00e1v\u011b (!) ten v\u00fdst\u0159ih! Byli mlad\u00ed a tan\u010dili s vervou a\u017e t\u00e9 p\u016fvabn\u00e9 d\u00e1m\u011b doslova \u201evyl\u00e9tlo\u201c <strong>b\u011blostn\u00e9 \u0148adro<\/strong>. N\u011bkte\u0159\u00ed z\u00a0decha\u0159\u016f se zakuckali, jin\u00fdm sliny ucpaly n\u00e1trubky&#8230;no (!)<strong> \u201eSodoma Gomora velebnosti!\u201c<\/strong>\u00a0\u00a0\u00a0\u00a0<\/p>\n<p>Pak se divte, \u017ee do Krumlova jezd\u00edme hr\u00e1t r\u00e1di :-). Tam se po\u0159\u00e1d n\u011bco d\u011bje..<\/p>\n","protected":false},"excerpt":{"rendered":"<p>Skoro v ka\u017ed\u00e9 part\u011b muzikant\u016f je na produkci zvykem ob\u010das &#8222;vyt\u00e1hnout&#8220; n\u011bjak\u00e9 z\u00e1\u017eitky o kter\u00e9 se ten kter\u00fd vyprav\u011b\u010d r\u00e1d pod\u011bl\u00ed. A b\u00fdvaj\u00ed to velmi \u010dasto dost &#8222;zaj\u00edmav\u00e9&#8220; p\u0159\u00edhody.\u00a0 Nen\u00ed to, samoz\u0159ejm\u011b specifikum jenom muzikant\u016f. Nejslavn\u011bj\u0161\u00ed historky, a je\u0161t\u011b k tomu skv\u011ble, vypr\u00e1v\u011bj\u00ed herci (a \u017ee jich je), nebo t\u0159eba sportovci, moder\u00e1to\u0159i, ale ur\u010dit\u011b takov\u00e9 [&hellip;]<\/p>\n","protected":false},"author":3,"featured_media":0,"parent":10,"menu_order":10,"comment_status":"closed","ping_status":"closed","template":"","meta":{"footnotes":""},"class_list":["post-2650","page","type-page","status-publish","hentry"],"_links":{"self":[{"href":"https:\/\/www.variantcb.cz\/index.php?rest_route=\/wp\/v2\/pages\/2650","targetHints":{"allow":["GET"]}}],"collection":[{"href":"https:\/\/www.variantcb.cz\/index.php?rest_route=\/wp\/v2\/pages"}],"about":[{"href":"https:\/\/www.variantcb.cz\/index.php?rest_route=\/wp\/v2\/types\/page"}],"author":[{"embeddable":true,"href":"https:\/\/www.variantcb.cz\/index.php?rest_route=\/wp\/v2\/users\/3"}],"replies":[{"embeddable":true,"href":"https:\/\/www.variantcb.cz\/index.php?rest_route=%2Fwp%2Fv2%2Fcomments&post=2650"}],"version-history":[{"count":0,"href":"https:\/\/www.variantcb.cz\/index.php?rest_route=\/wp\/v2\/pages\/2650\/revisions"}],"up":[{"embeddable":true,"href":"https:\/\/www.variantcb.cz\/index.php?rest_route=\/wp\/v2\/pages\/10"}],"wp:attachment":[{"href":"https:\/\/www.variantcb.cz\/index.php?rest_route=%2Fwp%2Fv2%2Fmedia&parent=2650"}],"curies":[{"name":"wp","href":"https:\/\/api.w.org\/{rel}","templated":true}]}}