{"id":21,"date":"2010-11-17T14:55:44","date_gmt":"2010-11-17T14:55:44","guid":{"rendered":"http:\/\/www.variantcb.cz\/?page_id=21"},"modified":"2020-03-01T14:44:56","modified_gmt":"2020-03-01T14:44:56","slug":"video","status":"publish","type":"page","link":"https:\/\/www.variantcb.cz\/?page_id=21","title":{"rendered":"Video"},"content":{"rendered":"\n<p style=\"text-align: center;\"><strong>reprezenta\u010dn\u00ed ples firmy Schneider Electric v KD P\u00edsek<\/strong><\/p>\n<p style=\"text-align: center;\"><strong> 29. 2. 2020<\/strong><\/p>\n<p><iframe loading=\"lazy\" title=\"Tane\u010dn\u00ed orchestr VARIANT - Hlad\u00edm si sv\u00e9 t\u011blo (Showstation - Brno)\" width=\"500\" height=\"281\" src=\"https:\/\/www.youtube.com\/embed\/lFJuKdNBV2A?feature=oembed\" frameborder=\"0\" allow=\"accelerometer; autoplay; clipboard-write; encrypted-media; gyroscope; picture-in-picture; web-share\" referrerpolicy=\"strict-origin-when-cross-origin\" allowfullscreen><\/iframe><\/p>\n<p style=\"text-align: center;\"><strong><span style=\"font-family: georgia, palatino, serif; font-size: 12pt;\">Kristi\u00e1n Alexandr \u0160ebek jako host Variantu na plese M\u011bsta Milevsko 2019<\/span><\/strong><\/p>\n<p style=\"text-align: center;\"><a tabindex=\"-1\" href=\"http:\/\/fb.com\/kristianalexandrsebek\" target=\"_blank\" rel=\"noopener noreferrer\">fb.com\/kristianalexandrsebek<\/a><\/p>\n<p style=\"text-align: center;\"><iframe loading=\"lazy\" src=\"\/\/www.youtube.com\/embed\/7pMg5jEM8DQ\" width=\"560\" height=\"314\" allowfullscreen=\"allowfullscreen\"><\/iframe><\/p>\n<p style=\"text-align: center;\"><strong>promo video &#8211; zkr\u00e1cen\u00e9 verze skladeb<br \/><\/strong><\/p>\n<p style=\"text-align: center;\"><strong>nato\u010deno ve studiu Prodigy Sound s.r.o. v \u010cesk\u00fdch Bud\u011bjovic\u00edch<\/strong><\/p>\n<p style=\"text-align: center;\"><strong>obrazov\u00fd z\u00e1znam a st\u0159ih &#8211; Klaudie Marhounov\u00e1<\/strong><\/p>\n<p style=\"text-align: center;\"><strong>l\u00e9to a podzim 2017 &#8211; dal\u0161\u00ed skladby jsou v sekci audio<br \/><\/strong><\/p>\n<p style=\"text-align: center;\"><iframe loading=\"lazy\" src=\"\/\/www.youtube.com\/embed\/-SrjgQfeUQ8\" width=\"560\" height=\"314\" allowfullscreen=\"allowfullscreen\"><\/iframe><\/p>\n<p style=\"text-align: center;\"><strong>Perhaps, Perhaps, Perhaps (chacha) &#8211; zp\u00edv\u00e1 Bohunka Pot\u016f\u010dkov\u00e1<\/strong><\/p>\n<p style=\"text-align: center;\"><iframe loading=\"lazy\" src=\"\/\/www.youtube.com\/embed\/YL3UGiY5lPQ\" width=\"560\" height=\"314\" allowfullscreen=\"allowfullscreen\"><\/iframe><\/p>\n<p style=\"text-align: center;\"><strong>Easy Like Sunday Morning (Lionel Richie) &#8211; zp\u00edv\u00e1 Michal Rychta\u0159\u00edk<\/strong><\/p>\n<p style=\"text-align: center;\"><strong>Ples p\u0159i sv\u00ed\u010dk\u00e1ch agentury M-ARS<\/strong><\/p>\n<p style=\"text-align: center;\"><strong>10. 2. 2017\u00a0 \u00a0DK Sl\u00e1vie \u010cesk\u00e9 Bud\u011bjovice\u00a0<\/strong><\/p>\n<p style=\"text-align: center;\"><iframe loading=\"lazy\" src=\"\/\/www.youtube.com\/embed\/6jsfNUy8hBc\" width=\"350\" height=\"196\" allowfullscreen=\"allowfullscreen\"><\/iframe><\/p>\n<p style=\"text-align: center;\"><strong>Maturitn\u00ed ples\u00a0Gymn\u00e1zia \u010cesk\u00fd Krumlov &#8211; 8.O<\/strong><\/p>\n<p style=\"text-align: center;\"><strong>13. 1. 2017 &#8211;\u00a0Z\u00e1meck\u00e1 j\u00edzd\u00e1rna v\u00a0\u010cesk\u00e9m Krumlov\u011b\u00a0<\/strong><\/p>\n<p style=\"text-align: center;\"><iframe loading=\"lazy\" src=\"\/\/www.youtube.com\/embed\/X93pizqnkFk\" width=\"350\" height=\"196\" allowfullscreen=\"allowfullscreen\"><\/iframe><\/p>\n<p style=\"text-align: center;\"><strong>Maturitn\u00ed ples \u010desko-anglick\u00e9ho gymn\u00e1zia okt\u00e1vy &amp; 4, <\/strong><\/p>\n<p style=\"text-align: center;\"><strong>17. 12. 2016 v DK Metropol v \u010cesk\u00fdch Bud\u011bjovic\u00edch<\/strong><\/p>\n<p style=\"text-align: center;\"><iframe loading=\"lazy\" src=\"\/\/www.youtube.com\/embed\/zybW4LcpltY\" width=\"350\" height=\"196\" allowfullscreen=\"allowfullscreen\"><\/iframe><\/p>\n<p style=\"text-align: center;\"><strong>Sest\u0159ih &#8222;live&#8220; z\u00e1znamu z akce Rio Lipno 2016 (olympi\u00e1da 2016)<\/strong><\/p>\n<p style=\"text-align: center;\"><iframe loading=\"lazy\" src=\"\/\/www.youtube.com\/embed\/BLdsT5wWZ0c\" width=\"350\" height=\"214\" allowfullscreen=\"allowfullscreen\"><\/iframe><\/p>\n<p style=\"text-align: center;\"><strong>PROMOTION (2012)<\/strong><\/p>\n<p style=\"text-align: center;\"><iframe loading=\"lazy\" src=\"\/\/www.youtube.com\/embed\/yYVXhovITTA\" width=\"350\" height=\"213\" frameborder=\"0\" allowfullscreen=\"allowfullscreen\"><\/iframe><\/p>\n<h3 style=\"text-align: center;\">The Son of a Preacher Man (2011)<\/h3>\n<p style=\"text-align: center;\"><iframe loading=\"lazy\" src=\"\/\/www.youtube.com\/embed\/yKdX_pLREG4\" width=\"350\" height=\"213\" frameborder=\"0\" allowfullscreen=\"allowfullscreen\"><\/iframe><\/p>\n<h3 style=\"text-align: center;\">Rome Wasn\u00b4t Built In\u00a0a Day\u00a0 (2009)<\/h3>\n<p style=\"text-align: center;\"><iframe loading=\"lazy\" src=\"\/\/www.youtube.com\/embed\/aq-QvNjfHH0\" width=\"350\" height=\"213\" frameborder=\"0\" allowfullscreen=\"allowfullscreen\"><\/iframe><\/p>\n<h3 style=\"text-align: center;\">\u00a0<\/h3>\n<h3>\u00a0<\/h3>\n<h3>\u00a0<\/h3>\n<h3>\u00a0<\/h3>\n<h3>\u00a0<\/h3>\n<h3>\u00a0<\/h3>\n<h3>\u00a0<\/h3>\n<h3 style=\"text-align: right;\">\u00a0<\/h3>\n","protected":false},"excerpt":{"rendered":"<p>reprezenta\u010dn\u00ed ples firmy Schneider Electric v KD P\u00edsek 29. 2. 2020 Kristi\u00e1n Alexandr \u0160ebek jako host Variantu na plese M\u011bsta Milevsko 2019 fb.com\/kristianalexandrsebek promo video &#8211; zkr\u00e1cen\u00e9 verze skladeb nato\u010deno ve studiu Prodigy Sound s.r.o. v \u010cesk\u00fdch Bud\u011bjovic\u00edch obrazov\u00fd z\u00e1znam a st\u0159ih &#8211; Klaudie Marhounov\u00e1 l\u00e9to a podzim 2017 &#8211; dal\u0161\u00ed skladby jsou v sekci [&hellip;]<\/p>\n","protected":false},"author":3,"featured_media":0,"parent":0,"menu_order":5,"comment_status":"open","ping_status":"open","template":"","meta":{"footnotes":""},"class_list":["post-21","page","type-page","status-publish","hentry"],"_links":{"self":[{"href":"https:\/\/www.variantcb.cz\/index.php?rest_route=\/wp\/v2\/pages\/21","targetHints":{"allow":["GET"]}}],"collection":[{"href":"https:\/\/www.variantcb.cz\/index.php?rest_route=\/wp\/v2\/pages"}],"about":[{"href":"https:\/\/www.variantcb.cz\/index.php?rest_route=\/wp\/v2\/types\/page"}],"author":[{"embeddable":true,"href":"https:\/\/www.variantcb.cz\/index.php?rest_route=\/wp\/v2\/users\/3"}],"replies":[{"embeddable":true,"href":"https:\/\/www.variantcb.cz\/index.php?rest_route=%2Fwp%2Fv2%2Fcomments&post=21"}],"version-history":[{"count":0,"href":"https:\/\/www.variantcb.cz\/index.php?rest_route=\/wp\/v2\/pages\/21\/revisions"}],"wp:attachment":[{"href":"https:\/\/www.variantcb.cz\/index.php?rest_route=%2Fwp%2Fv2%2Fmedia&parent=21"}],"curies":[{"name":"wp","href":"https:\/\/api.w.org\/{rel}","templated":true}]}}