{"id":18,"date":"2010-11-17T14:55:25","date_gmt":"2010-11-17T14:55:25","guid":{"rendered":"http:\/\/www.variantcb.cz\/?page_id=18"},"modified":"2018-01-01T18:15:24","modified_gmt":"2018-01-01T18:15:24","slug":"audio-ukazky","status":"publish","type":"page","link":"https:\/\/www.variantcb.cz\/?page_id=18","title":{"rendered":"Audio"},"content":{"rendered":"<h3>&nbsp;<\/h3>\n<h3>&nbsp;<\/h3>\n<h3>2017 &#8211; v\u00fdb\u011br z latinskoamerick\u00fdch a standardn\u00edch tanc\u016f (zkr\u00e1cen\u00e9 verze)<\/h3>\n<table style=\"width: 782px; height: 120px;\">\n<tbody>\n<tr>\n<td style=\"width: 208px; text-align: left;\"><em>n\u00e1zev skladby<\/em><\/td>\n<td style=\"width: 125.817px; text-align: left;\"><em>z reperto\u00e1ru:<\/em><\/td>\n<td style=\"width: 70.1834px; text-align: left;\"><em>tanec<\/em><\/td>\n<td style=\"width: 151px; text-align: left;\"><em>zp\u00edv\u00e1<\/em><\/td>\n<td style=\"width: 179px;\">&nbsp;<\/td>\n<\/tr>\n<tr>\n<td style=\"width: 208px; text-align: left;\">&nbsp;Pershap, Pershap, Pershap<\/td>\n<td style=\"width: 125.817px; text-align: left;\">(Pussy Cat Dolls)<\/td>\n<td style=\"width: 70.1834px; text-align: left;\">cha-cha<\/td>\n<td style=\"width: 151px; text-align: left;\">Bohunka Pot\u016f\u010dkov\u00e1<\/td>\n<td style=\"width: 179px;\">&nbsp;<br \/>\n<audio class=\"wp-audio-shortcode\" id=\"audio-18-1\" preload=\"none\" style=\"width: 100%;\" controls=\"controls\"><source type=\"audio\/wav\" src=\"http:\/\/www.variantcb.cz\/wp-content\/uploads\/2010\/11\/Pershap_Pershap_Pershap.wav?_=1\" \/><a href=\"http:\/\/www.variantcb.cz\/wp-content\/uploads\/2010\/11\/Pershap_Pershap_Pershap.wav\">http:\/\/www.variantcb.cz\/wp-content\/uploads\/2010\/11\/Pershap_Pershap_Pershap.wav<\/a><\/audio><\/td>\n<\/tr>\n<tr>\n<td style=\"width: 208px; text-align: left;\">&nbsp;The Way To Your Heart<\/td>\n<td style=\"width: 125.817px; text-align: left;\">(Soul Sister)<\/td>\n<td style=\"width: 70.1834px; text-align: left;\">quickstep<\/td>\n<td style=\"width: 151px; text-align: left;\">Michal Rychta\u0159\u00edk<\/td>\n<td style=\"width: 179px;\">&nbsp;<audio class=\"wp-audio-shortcode\" id=\"audio-18-2\" preload=\"none\" style=\"width: 100%;\" controls=\"controls\"><source type=\"audio\/wav\" src=\"http:\/\/www.variantcb.cz\/wp-content\/uploads\/2010\/11\/The_Way_To_Your_Heart.wav?_=2\" \/><a href=\"http:\/\/www.variantcb.cz\/wp-content\/uploads\/2010\/11\/The_Way_To_Your_Heart.wav\">http:\/\/www.variantcb.cz\/wp-content\/uploads\/2010\/11\/The_Way_To_Your_Heart.wav<\/a><\/audio><\/td>\n<\/tr>\n<tr>\n<td style=\"width: 208px; text-align: left;\">&nbsp;Sway (Quien Ser\u00e1)<\/td>\n<td style=\"width: 125.817px; text-align: left;\">(Pussy Cat Dolls)<\/td>\n<td style=\"width: 70.1834px; text-align: left;\">cha-cha<\/td>\n<td style=\"width: 151px; text-align: left;\">Bohunka Pot\u016f\u010dkov\u00e1&nbsp;<\/td>\n<td style=\"width: 179px;\">&nbsp;<audio class=\"wp-audio-shortcode\" id=\"audio-18-3\" preload=\"none\" style=\"width: 100%;\" controls=\"controls\"><source type=\"audio\/wav\" src=\"http:\/\/www.variantcb.cz\/wp-content\/uploads\/2010\/11\/Sway-Quien_Ser\u00e1.wav?_=3\" \/><a href=\"http:\/\/www.variantcb.cz\/wp-content\/uploads\/2010\/11\/Sway-Quien_Ser\u00e1.wav\">http:\/\/www.variantcb.cz\/wp-content\/uploads\/2010\/11\/Sway-Quien_Ser\u00e1.wav<\/a><\/audio><\/td>\n<\/tr>\n<tr>\n<td style=\"width: 208px; text-align: left;\">&nbsp;(Un, Dos, Tres) Maria<\/td>\n<td style=\"width: 125.817px; text-align: left;\">(Rickie Martin)<\/td>\n<td style=\"width: 70.1834px; text-align: left;\">samba<\/td>\n<td style=\"width: 151px; text-align: left;\">Michal Rychta\u0159\u00edk &nbsp;<\/td>\n<td style=\"width: 179px;\">&nbsp;<audio class=\"wp-audio-shortcode\" id=\"audio-18-4\" preload=\"none\" style=\"width: 100%;\" controls=\"controls\"><source type=\"audio\/wav\" src=\"http:\/\/www.variantcb.cz\/wp-content\/uploads\/2010\/11\/Un_Dos_Tres.wav?_=4\" \/><a href=\"http:\/\/www.variantcb.cz\/wp-content\/uploads\/2010\/11\/Un_Dos_Tres.wav\">http:\/\/www.variantcb.cz\/wp-content\/uploads\/2010\/11\/Un_Dos_Tres.wav<\/a><\/audio><\/td>\n<\/tr>\n<\/tbody>\n<\/table>\n<h3>2017 &#8211; v\u00fdb\u011br z popul\u00e1rn\u00ed hudby (zkr\u00e1cen\u00e9 verze)<\/h3>\n<table style=\"width: 786px;\">\n<tbody>\n<tr style=\"height: 23.6333px;\">\n<td style=\"width: 304.2px; height: 23.6333px; text-align: left;\">&nbsp;It&#8217;s&nbsp; A Beautiful Day<\/td>\n<td style=\"width: 271.8px; height: 23.6333px; text-align: left;\">(Michael Bubl\u00e9)<\/td>\n<td style=\"width: 210px; height: 23.6333px; text-align: left;\">Michal Rychta\u0159\u00edk<\/td>\n<td style=\"width: 304px; height: 23.6333px; text-align: left;\"><audio class=\"wp-audio-shortcode\" id=\"audio-18-5\" preload=\"none\" style=\"width: 100%;\" controls=\"controls\"><source type=\"audio\/wav\" src=\"http:\/\/www.variantcb.cz\/wp-content\/uploads\/2010\/11\/Its_A_Beautiful_Day.wav?_=5\" \/><a href=\"http:\/\/www.variantcb.cz\/wp-content\/uploads\/2010\/11\/Its_A_Beautiful_Day.wav\">http:\/\/www.variantcb.cz\/wp-content\/uploads\/2010\/11\/Its_A_Beautiful_Day.wav<\/a><\/audio><\/td>\n<\/tr>\n<tr style=\"height: 24px;\">\n<td style=\"width: 304.2px; height: 24px; text-align: left;\">&nbsp;Rolling In The Deep<\/td>\n<td style=\"width: 271.8px; height: 24px; text-align: left;\">(Adele)<\/td>\n<td style=\"width: 210px; height: 24px; text-align: left;\">Bohunka Pot\u016f\u010dkov\u00e1<\/td>\n<td style=\"width: 304px; height: 24px; text-align: left;\"><audio class=\"wp-audio-shortcode\" id=\"audio-18-6\" preload=\"none\" style=\"width: 100%;\" controls=\"controls\"><source type=\"audio\/wav\" src=\"http:\/\/www.variantcb.cz\/wp-content\/uploads\/2010\/11\/Rolling_In_The_Deep.wav?_=6\" \/><a href=\"http:\/\/www.variantcb.cz\/wp-content\/uploads\/2010\/11\/Rolling_In_The_Deep.wav\">http:\/\/www.variantcb.cz\/wp-content\/uploads\/2010\/11\/Rolling_In_The_Deep.wav<\/a><\/audio><\/td>\n<\/tr>\n<tr style=\"height: 24px;\">\n<td style=\"width: 304.2px; height: 24px; text-align: left;\">&nbsp;I Drove All Night<\/td>\n<td style=\"width: 271.8px; height: 24px; text-align: left;\">(Celine Dion)<\/td>\n<td style=\"width: 210px; height: 24px; text-align: left;\">Bohunka Pot\u016f\u010dkov\u00e1<\/td>\n<td style=\"width: 304px; height: 24px; text-align: left;\"><audio class=\"wp-audio-shortcode\" id=\"audio-18-7\" preload=\"none\" style=\"width: 100%;\" controls=\"controls\"><source type=\"audio\/wav\" src=\"http:\/\/www.variantcb.cz\/wp-content\/uploads\/2010\/11\/I_Drove_All_Night.wav?_=7\" \/><a href=\"http:\/\/www.variantcb.cz\/wp-content\/uploads\/2010\/11\/I_Drove_All_Night.wav\">http:\/\/www.variantcb.cz\/wp-content\/uploads\/2010\/11\/I_Drove_All_Night.wav<\/a><\/audio><\/td>\n<\/tr>\n<tr style=\"height: 24px;\">\n<td style=\"width: 304.2px; height: 24px; text-align: left;\">&nbsp;Easy&nbsp; Like Sunday Morning<\/td>\n<td style=\"width: 271.8px; height: 24px; text-align: left;\">(Lionel Richie)<\/td>\n<td style=\"width: 210px; height: 24px; text-align: left;\">Michal Rychta\u0159\u00edk<\/td>\n<td style=\"width: 304px; height: 24px; text-align: left;\"><audio class=\"wp-audio-shortcode\" id=\"audio-18-8\" preload=\"none\" style=\"width: 100%;\" controls=\"controls\"><source type=\"audio\/mpeg\" src=\"http:\/\/www.variantcb.cz\/wp-content\/uploads\/2010\/11\/Easy.mp3?_=8\" \/><a href=\"http:\/\/www.variantcb.cz\/wp-content\/uploads\/2010\/11\/Easy.mp3\">http:\/\/www.variantcb.cz\/wp-content\/uploads\/2010\/11\/Easy.mp3<\/a><\/audio><\/td>\n<\/tr>\n<tr style=\"height: 24px;\">\n<td style=\"width: 304.2px; height: 24px; text-align: left;\">&nbsp;To tehdy padal d\u00e9\u0161\u0165<\/td>\n<td style=\"width: 271.8px; height: 24px; text-align: left;\">(Helena Vondr\u00e1\u010dkov\u00e1)<\/td>\n<td style=\"width: 210px; height: 24px; text-align: left;\">Bohunka Pot\u016f\u010dkov\u00e1<\/td>\n<td style=\"width: 304px; height: 24px; text-align: left;\"><audio class=\"wp-audio-shortcode\" id=\"audio-18-9\" preload=\"none\" style=\"width: 100%;\" controls=\"controls\"><source type=\"audio\/wav\" src=\"http:\/\/www.variantcb.cz\/wp-content\/uploads\/2010\/11\/To_tehdy_padal_dest.wav?_=9\" \/><a href=\"http:\/\/www.variantcb.cz\/wp-content\/uploads\/2010\/11\/To_tehdy_padal_dest.wav\">http:\/\/www.variantcb.cz\/wp-content\/uploads\/2010\/11\/To_tehdy_padal_dest.wav<\/a><\/audio><\/td>\n<\/tr>\n<\/tbody>\n<\/table>\n<p><strong>&nbsp;<\/strong><\/p>\n","protected":false},"excerpt":{"rendered":"<p>&nbsp; &nbsp; 2017 &#8211; v\u00fdb\u011br z latinskoamerick\u00fdch a standardn\u00edch tanc\u016f (zkr\u00e1cen\u00e9 verze) n\u00e1zev skladby z reperto\u00e1ru: tanec zp\u00edv\u00e1 &nbsp; &nbsp;Pershap, Pershap, Pershap (Pussy Cat Dolls) cha-cha Bohunka Pot\u016f\u010dkov\u00e1 &nbsp; &nbsp;The Way To Your Heart (Soul Sister) quickstep Michal Rychta\u0159\u00edk &nbsp; &nbsp;Sway (Quien Ser\u00e1) (Pussy Cat Dolls) cha-cha Bohunka Pot\u016f\u010dkov\u00e1&nbsp; &nbsp; &nbsp;(Un, Dos, Tres) Maria (Rickie [&hellip;]<\/p>\n","protected":false},"author":1,"featured_media":0,"parent":0,"menu_order":4,"comment_status":"open","ping_status":"open","template":"","meta":{"footnotes":""},"class_list":["post-18","page","type-page","status-publish","hentry"],"_links":{"self":[{"href":"https:\/\/www.variantcb.cz\/index.php?rest_route=\/wp\/v2\/pages\/18","targetHints":{"allow":["GET"]}}],"collection":[{"href":"https:\/\/www.variantcb.cz\/index.php?rest_route=\/wp\/v2\/pages"}],"about":[{"href":"https:\/\/www.variantcb.cz\/index.php?rest_route=\/wp\/v2\/types\/page"}],"author":[{"embeddable":true,"href":"https:\/\/www.variantcb.cz\/index.php?rest_route=\/wp\/v2\/users\/1"}],"replies":[{"embeddable":true,"href":"https:\/\/www.variantcb.cz\/index.php?rest_route=%2Fwp%2Fv2%2Fcomments&post=18"}],"version-history":[{"count":0,"href":"https:\/\/www.variantcb.cz\/index.php?rest_route=\/wp\/v2\/pages\/18\/revisions"}],"wp:attachment":[{"href":"https:\/\/www.variantcb.cz\/index.php?rest_route=%2Fwp%2Fv2%2Fmedia&parent=18"}],"curies":[{"name":"wp","href":"https:\/\/api.w.org\/{rel}","templated":true}]}}