{"id":1787,"date":"2018-11-17T20:17:40","date_gmt":"2018-11-17T20:17:40","guid":{"rendered":"http:\/\/www.variantcb.cz\/?page_id=1787"},"modified":"2020-03-01T20:19:13","modified_gmt":"2020-03-01T20:19:13","slug":"vznik-a-historie-orchestru","status":"publish","type":"page","link":"https:\/\/www.variantcb.cz\/?page_id=1787","title":{"rendered":"Historie"},"content":{"rendered":"<p><strong><u>STRU\u010cN\u00c9 D\u011aJINY VARIANTU <\/u><\/strong><\/p>\n<p>(1971-<strong>1974<\/strong>-2009)<\/p>\n<p style=\"text-align: justify;\">P\u0159\u00edm\u00fdm p\u0159edch\u016fdcem tane\u010dn\u00edho orchestru <strong>VARIANT<\/strong>, byla kapela \u010d\u00edtaj\u00edc\u00ed \u0161est muzikant\u016f \u2013 hr\u00e1la p\u0159ev\u00e1\u017en\u011b \u201elidovku\u201c \u2013 zalo\u017een\u00e1 roku 1971 p\u0159i \u201eOsv\u011btov\u00e9 besed\u011b\u201c v\u00a0Kamenn\u00e9m \u00dajezd\u011b, kter\u00e1 si \u0159\u00edkala <strong>\u201eOB kolektiv\u201c.<\/strong> Jej\u00edm prvn\u00edm kapeln\u00edkem byl tenor-saxofonista\u00a0 <strong>Jan<\/strong> <strong>Karv\u00e1nek \u2013 \u201epraotec Variantu<\/strong>\u201c. Nyn\u011bj\u0161\u00ed jm\u00e9no kapely \u2013 <strong>VARIANT<\/strong> \u2013 vyst\u0159\u00eddalo p\u016fvodn\u00ed n\u00e1zev v\u00a0roce <strong>1974<\/strong> a od t\u00e9 doby se ofici\u00e1ln\u011b datuje vznik\u00a0 orchestru. Pozoruhodn\u00e9 je, \u017ee se nikdy nepoda\u0159ilo zjistit pro\u010d se <strong>VARIANT<\/strong> jmenuje pr\u00e1v\u011b <strong>VARIANT<\/strong>. Nev\u011bd\u011bl to dokonce ani Jan Karv\u00e1nek, prvn\u00ed kapeln\u00edk orchestru, se kter\u00fdm jsem se se\u0161el na oslav\u011b 20. v\u00fdro\u010d\u00ed. N\u011bkdo z\u00a0kapely to pr\u00fd tenkr\u00e1t navrhnul, ale nev\u00ed se kdo.<\/p>\n<p>D\u00edky jedn\u00e9 ze zachovan\u00fdch \u00a0prehistorick\u00fdch fotografi\u00ed z\u00a0\u201evariant\u00ed\u201c doby kamenn\u00e9, se m\u016f\u017eeme pod\u00edvat do tv\u00e1\u0159\u00ed jej\u00edch zakladatel\u016f.<\/p>\n<p><a href=\"http:\/\/www.variantcb.cz\/wp-content\/uploads\/2018\/11\/OB-kolektiv-001.jpg\"><img loading=\"lazy\" decoding=\"async\" class=\"aligncenter\" src=\"http:\/\/www.variantcb.cz\/wp-content\/uploads\/2018\/11\/OB-kolektiv-001.jpg\" width=\"300\" height=\"225\" \/><\/a><\/p>\n<p><em>(na fotografii zleva: <strong>Josef \u010cech, V\u00e1clav Kahuda, Josef Novosad,\u00a0 Milan Kolouch, Jan Karv\u00e1nek, Lubom\u00edr Toman<\/strong>)<\/em>.<\/p>\n<p>Od roku 1972 m\u00e1<strong> VARIANT<\/strong> \u0161est \u010dlen\u016f a st\u00e1le jej vede <strong>\u201epraotec\u201c Karv\u00e1nek<\/strong>. Vyst\u0159\u00edd\u00e1 se v\u00a0n\u011bm cel\u00e1 \u0159ada muzikant\u016f \u2013 tradice, kterou snad kapela dostala do v\u00ednku hned p\u0159i sv\u00e9m vzniku. V\u00a0roce 1977 pak z\u00edsk\u00e1v\u00e1 nov\u00e9ho z\u0159izovatele \u2013 okresn\u00ed pobo\u010dku Svazu hudebn\u00edk\u016f v \u010cesk\u00fdch Bud\u011bjovic\u00edch. Dva roky nato roz\u0161i\u0159uje <strong>VARIANT<\/strong> sv\u00e9 obsazen\u00ed o dva hr\u00e1\u010de, kte\u0159\u00ed do t\u00e9 doby\u00a0 p\u016fsobili jako jedni ze zakl\u00e1daj\u00edc\u00edch \u010dlen\u016f tane\u010dn\u00edho orchestru <strong>GAMA<\/strong> <em>(<strong>Milan Kudrle<\/strong> a <strong>V\u00e1clav Knotek<\/strong> &#8211; oba pozd\u011bj\u0161\u00ed kapeln\u00edci)<\/em> a o rok pozd\u011bji je\u0161t\u011b o zp\u011bva\u010dku <strong>A\u0165ku<\/strong> <strong>Sochorovou\/Knotkovou<\/strong>, kter\u00e1 p\u0159estoupila do kapely z\u00a0borovansk\u00e9 <strong>MONIKY.<\/strong><\/p>\n<p>Zkou\u0161elo se u Kahud\u016f v\u00a0gar\u00e1\u017ei dokud j\u00ed jej\u00ed\u00a0 majitel rad\u011bji s\u00e1m nezap\u00e1lil a potom v\u00a0polorozpadl\u00e9m <strong>\u201eAgita\u010dn\u00edm st\u0159edisku\u201c<\/strong> v\u00a0Ro\u017enov\u011b, kde \u201espouchl\u00e9\u201c parkety vytvo\u0159ily uprost\u0159ed s\u00e1lu mal\u00e9 Alpy.<\/p>\n<p>Nab\u00eddka ro\u017enovsk\u00fdch p\u0159edstavitel\u016f \u2013 um\u00edstit <strong>VARIANT<\/strong> v\u00a0nov\u011b budovan\u00e9m kulturn\u00edm st\u0159edisku <em>(KS \u00a0Ro\u017enov)<\/em> za pomoc p\u0159i jeho v\u00fdstavb\u011b \u2013 vybi\u010dovala nakonec \u010dleny kapely ke \u0161pi\u010dkov\u00e9mu v\u00fdkonu, spo\u010d\u00edvaj\u00edc\u00edmu v\u00a0nemal\u00e9m po\u010dtu\u00a0 odpracovan\u00fdch brig\u00e1dnick\u00fdch hodin v\u00a0akci \u201eZ\u201c <em>(pozn\u00e1mka pro mlad\u0161\u00ed \u010dten\u00e1\u0159e \u2013 tzv. \u201eAkce Z\u201c byly brig\u00e1dy po\u0159\u00e1dan\u00e9 o sobot\u00e1ch a ned\u011bl\u00edch, bezplatn\u011b, ob\u010dany m\u011bsta na r\u016fzn\u00fdch stavb\u00e1ch, p\u0159edev\u0161\u00edm ve\u0159ejn\u00e9ho charakteru).<\/em><\/p>\n<p><a href=\"http:\/\/www.variantcb.cz\/wp-content\/uploads\/2018\/11\/AkceZ-1981-001b.jpg\"><img loading=\"lazy\" decoding=\"async\" class=\"alignnone  wp-image-1794\" src=\"http:\/\/www.variantcb.cz\/wp-content\/uploads\/2018\/11\/AkceZ-1981-001b-300x225.jpg\" alt=\"\" width=\"231\" height=\"173\" srcset=\"https:\/\/www.variantcb.cz\/wp-content\/uploads\/2018\/11\/AkceZ-1981-001b-300x225.jpg 300w, https:\/\/www.variantcb.cz\/wp-content\/uploads\/2018\/11\/AkceZ-1981-001b-768x576.jpg 768w, https:\/\/www.variantcb.cz\/wp-content\/uploads\/2018\/11\/AkceZ-1981-001b.jpg 1024w\" sizes=\"auto, (max-width: 231px) 100vw, 231px\" \/> <\/a><a href=\"http:\/\/www.variantcb.cz\/wp-content\/uploads\/2018\/11\/AkceZ-1981-002b.jpg\"><img loading=\"lazy\" decoding=\"async\" class=\"alignnone  wp-image-1866\" src=\"http:\/\/www.variantcb.cz\/wp-content\/uploads\/2018\/11\/AkceZ-1981-002b-300x225.jpg\" alt=\"\" width=\"231\" height=\"173\" srcset=\"https:\/\/www.variantcb.cz\/wp-content\/uploads\/2018\/11\/AkceZ-1981-002b-300x225.jpg 300w, https:\/\/www.variantcb.cz\/wp-content\/uploads\/2018\/11\/AkceZ-1981-002b-768x576.jpg 768w, https:\/\/www.variantcb.cz\/wp-content\/uploads\/2018\/11\/AkceZ-1981-002b.jpg 1024w\" sizes=\"auto, (max-width: 231px) 100vw, 231px\" \/> <\/a><a href=\"http:\/\/www.variantcb.cz\/wp-content\/uploads\/2018\/11\/AkceZ-1981-003b-.jpg\"><img loading=\"lazy\" decoding=\"async\" class=\"alignnone size-medium wp-image-1867\" src=\"http:\/\/www.variantcb.cz\/wp-content\/uploads\/2018\/11\/AkceZ-1981-003b--300x225.jpg\" alt=\"\" width=\"231\" height=\"173\" srcset=\"https:\/\/www.variantcb.cz\/wp-content\/uploads\/2018\/11\/AkceZ-1981-003b--300x225.jpg 300w, https:\/\/www.variantcb.cz\/wp-content\/uploads\/2018\/11\/AkceZ-1981-003b--768x576.jpg 768w, https:\/\/www.variantcb.cz\/wp-content\/uploads\/2018\/11\/AkceZ-1981-003b-.jpg 1024w\" sizes=\"auto, (max-width: 231px) 100vw, 231px\" \/><\/a><\/p>\n<p>Toto \u00fadob\u00ed se tak\u00e9 st\u00e1v\u00e1 zlomem v\u00a0reperto\u00e1rov\u00e9 skladb\u011b produkce kapely a znamen\u00e1 i jej\u00ed vstup mezi p\u0159edn\u00ed \u010deskobud\u011bjovick\u00e9 orchestry. Velk\u00fdm d\u00edlem se na tomto vzestupu pod\u00edlel pozd\u011bj\u0161\u00ed dlouholet\u00fd kapeln\u00edk, aran\u017e\u00e9r a znamenit\u00fd organiz\u00e1tor \u2013 <strong>\u201et\u00e1ta VARIANTU\u201c \u2013 Milan Kudrle.<\/strong><\/p>\n<p>T\u011bsn\u011b p\u0159ed za\u010d\u00e1tkem plesov\u00e9 sezony na konci roku 1981 zanik\u00e1 z\u00a0politick\u00fdch d\u016fvod\u016f \u201cSvaz hudebn\u00edk\u016f\u201c, \u010d\u00edm\u017e <strong>VARIANT<\/strong> p\u0159ich\u00e1z\u00ed o z\u0159izovatele <em>(dle z\u00e1kon\u016f platn\u00fdch v\u00a0t\u00e9 dob\u011b musela m\u00edt kapela z\u0159izovatele-jinak nesm\u011bla vystupovat)<\/em> a hroz\u00ed mu, \u017ee \u201evypadne ze hry\u201c. Doslova a do p\u00edsmene. Pomocnou ruku nab\u00eddl, tak\u0159ka za p\u011bt minut dvan\u00e1ct, <strong>PKO<\/strong> <em>(Park kultury a oddechu)<\/em> \u010cesk\u00e9 Bud\u011bjovice, \u201evzal kapelu pod sv\u00e1 k\u0159\u00eddla\u201c a um\u00edstil j\u00ed ve zbrusu nov\u00e9m <strong>KS<\/strong> <em>(kulturn\u00ed st\u0159edisko)<\/em> <strong>Ro\u017enov<\/strong>, ano \u2013 pr\u00e1v\u011b to, kter\u00e9 varian\u0165\u00e1ci pom\u00e1hali ned\u00e1vno stav\u011bt.<\/p>\n<p><a href=\"http:\/\/www.variantcb.cz\/wp-content\/uploads\/2018\/11\/VARIANT-1982-01a.jpg\"><img loading=\"lazy\" decoding=\"async\" class=\"aligncenter\" src=\"http:\/\/www.variantcb.cz\/wp-content\/uploads\/2018\/11\/VARIANT-1982-01a.jpg\" width=\"300\" height=\"225\" \/><\/a><\/p>\n<p>Rok 1987 je rokem dal\u0161\u00edho roz\u0161\u00ed\u0159en\u00ed orchestru. P\u0159ich\u00e1z\u00ed druh\u00e1 zp\u011bva\u010dka \u2013 <strong>Vendulka Tu\u010dkov\u00e1<\/strong> \u2013 basov\u00fd kytarista <strong>Lubo\u0161 Toman<\/strong> opou\u0161t\u00ed jevi\u0161t\u011b a zased\u00e1 k\u00a0mix\u00e1\u017en\u00edmu pultu jako mistr zvuku a na jeho m\u00edsto nastupuje sv\u00e9r\u00e1zn\u00fd <strong>Petr Madar<\/strong>. <strong>VARIANT<\/strong> m\u00e1 nyn\u00ed 11 \u010dlen\u016f a\u00a0 v\u00a0tomto po\u010dtu p\u016fsob\u00ed a\u017e do roku 1994.<\/p>\n<p>Po roce 1990 zanik\u00e1 z\u0159izovatelsk\u00e1 povinnost \u2013 p\u0159esto <strong>VARIANT<\/strong> z\u016fst\u00e1v\u00e1 nad\u00e1le v <strong>KS Ro\u017enov<\/strong>. V\u00a0nov\u00fdch ekonomick\u00fdch podm\u00ednk\u00e1ch je ale t\u0159eba kompenzovat n\u00e1jemc\u016fm tohoto kulturn\u00edho st\u00e1nku n\u00e1klady spojen\u00e9 se zkou\u0161kami a uhradit n\u00e1jem skladu aparatury \u0159adou bezplatn\u00fdch vystoupen\u00ed, kter\u00fdch ne\u00fam\u011brn\u011b p\u0159ib\u00fdv\u00e1, co\u017e po roce 1993, po plesov\u00e9 sezon\u011b, vy\u00fast\u00ed v\u00a0definitivn\u00ed odchod kapely z\u00a0Ro\u017enova.<\/p>\n<p><strong>VARIANT<\/strong> zoufale hled\u00e1 prostory pro zkou\u0161ky a \u010del\u00ed \u0159ad\u011b person\u00e1ln\u00edch zm\u011bn. Pochopen\u00ed a pomoc tentokr\u00e1t p\u0159ich\u00e1z\u00ed z\u00a0<strong>KD Vltava<\/strong>, kter\u00fd \u2013 za sn\u00ed\u017een\u00fd n\u00e1jem \u2013 zap\u016fj\u010duje na n\u011bkolik zkou\u0161ek klubovnu a s\u00e1l, kde se orchestr p\u0159ipravuje na nadch\u00e1zej\u00edc\u00ed sezonu. Nem\u00e9n\u011b d\u016fle\u017eitou pomoc poskytuj\u00ed \u010deskobud\u011bjovick\u00e9 kulturn\u00ed agentury <strong>ARS KLUB <\/strong><em>(dne\u0161n\u00ed <strong>M-ARS<\/strong>)<\/em> a <strong>MINERVA<\/strong>. Pom\u00e1haj\u00ed p\u0159i orientaci v\u00a0nov\u00fdch ekonomick\u00fdch i legislativn\u00edch podm\u00ednk\u00e1ch a propagaci.<\/p>\n<p>I p\u0159es tyto velk\u00e9 probl\u00e9my <strong>VARIANT<\/strong> s\u00a0nesn\u00ed\u017eenou kvalitou absolvuje plesovou sezonu 1994, \u010deho\u017e d\u016fkazem jsou p\u0159edev\u0161\u00edm nov\u00e9 objedn\u00e1vky po\u0159adatel\u016f a v\u00a0neposledn\u00ed \u0159ad\u011b i spokojenost div\u00e1k\u016f.<\/p>\n<p><span style=\"color: #ff9900;\"><em><strong>6.5.1994 oslavil VARIANT sv\u00e9 20. narozeniny<\/strong> v\u00a0tane\u010dn\u00edm s\u00e1le restaurace PRINCE (d\u0159\u00edve RYCHTA) za &#8211; skoro stoprocentn\u00ed &#8211; \u00fa\u010dasti b\u00fdval\u00fdch i st\u00e1vaj\u00edc\u00edch \u010dlen\u016f, pod taktovkou legend\u00e1rn\u00edho moder\u00e1tora <strong>PhDr Vladim\u00edra Oul\u00edka<\/strong>.<\/em><\/span><\/p>\n<p>V\u00a0t\u00e9 dob\u011b nikdo netu\u0161il jak dlouho se je\u0161t\u011b poda\u0159\u00ed orchestr udr\u017eet v\u00a0\u010dinnosti. Po roce <strong>1990<\/strong> se rapidn\u011b sn\u00ed\u017eil po\u010det akc\u00ed kde bylo mo\u017eno hr\u00e1t <em>(skon\u010dily Rud\u00e9 prapory, MD\u017d, Setk\u00e1n\u00ed BSP, po\u0159ady \u00a0PKO, firemn\u00ed i spolkov\u00e9 plesy, tane\u010dn\u00ed z\u00e1bavy obsadili disk\u017eokejov\u00e9 \u00a0atp.)<\/em> a p\u0159edev\u0161\u00edm &#8211; nebylo kde zkou\u0161et. \u0158ada muzikant\u016f za\u010d\u00edn\u00e1 podnikat a ztr\u00e1c\u00ed motivaci k\u00a0dal\u0161\u00edmu \u010dlenstv\u00ed v\u00a0kapele. Neuplyne sezona aby se nep\u0159eobsazoval minim\u00e1ln\u011b jeden muzikantsk\u00fd post. Prvn\u00ed roky tohoto obdob\u00ed prob\u00edhaly v\u00a0improvizac\u00edch a\u017e se nakonec \u0161t\u011bst\u00ed p\u0159ece jenom na kapelu usm\u00e1lo.<\/p>\n<p>Kapela, d\u00edky vst\u0159\u00edcnosti tehdej\u0161\u00edho \u0159editele <strong>METROPOLU<\/strong>,\u00a0 <strong>PhDr Jarom\u00edra Schela<\/strong>, z\u00edskala mo\u017enost na hlavn\u00edm s\u00e1le, pravideln\u011b zkou\u0161et. Rovn\u011b\u017e velk\u00fd d\u00edk pat\u0159\u00ed <strong>Mgr Pravoslavu N\u011bme\u010dkovi<\/strong>, \u0159editeli Z\u0160 a ZU\u0160 Bezdrevsk\u00e1 za poskytnut\u00e9 \u00a0p\u0159\u00edst\u0159e\u0161\u00ed p\u0159i zkou\u0161k\u00e1ch kapely. V\u00a0roce 1998 vznik\u00e1 vedle hlavn\u00edho orchestru je\u0161t\u011b \u201e<strong>COMBO Variant<\/strong>\u201c, slo\u017een\u00e9 ze zp\u011bv\u00e1k\u016f a rytmick\u00e9 sekce kapely.<\/p>\n<p><em><span style=\"color: #ff9900;\"><strong>21.5.2004 slav\u00ed VARIANT 30. narozeniny<\/strong> v METROPOLU v\u00a0\u010cesk\u00fdch Bud\u011bjovic\u00edch, za podpory <strong>Statut\u00e1rn\u00edho m\u011bsta \u010cesk\u00e9 Bud\u011bjovice<\/strong>, \u0159ady sv\u00fdch p\u0159\u00edznivc\u016f a b\u00fdval\u00fdch i sou\u010dasn\u00fdch \u010dlen\u016f.<\/span><\/em><\/p>\n<p>Nadch\u00e1zej\u00edc\u00ed dva roky prob\u011bhly ve znamen\u00ed velk\u00fdch zm\u011bn. Na ja\u0159e 2005, na konci plesov\u00e9 sezony, skon\u010dila svoje 24-let\u00e9 p\u016fsoben\u00ed u kapely <strong>A\u0165ka<\/strong> <strong>Knotkov\u00e1<\/strong> a po\u010d\u00e1tkem p\u0159\u00ed\u0161t\u00edho roku i <strong>Ivana Hajn\u00e1<\/strong>. Jejich odchod byl pl\u00e1nov\u00e1n del\u0161\u00ed dobu a proto se na jejich m\u00edsta s\u00a0p\u0159edstihem zapracov\u00e1valy dv\u011b nov\u00e9 zp\u011bva\u010dky: <strong>Jana Fojtov\u00e1\/Michalov\u00e1<\/strong> a <strong>Zuzana Pokorn\u00e1.<\/strong> I tak je\u0161t\u011b n\u011bjakou dobu trvalo, ne\u017e se pro n\u011b poda\u0159ilo vytvo\u0159it nov\u00fd reperto\u00e1r a tak pozice \u00a0nejfrekventovan\u011bj\u0161\u00edho zp\u011bv\u00e1ka z\u016fstala na <strong>Michalu \u0160kolovi<\/strong>. Jeho reperto\u00e1r inklinoval v\u00edce k\u00a0rockov\u00e9 muzice a proto se i obraz cel\u00e9 kapely t\u00e9to skute\u010dnosti p\u0159izp\u016fsobil.<\/p>\n<p>V\u00a0roce 2006 do\u0161lo i k\u00a0v\u00fdm\u011bn\u011b postu u basov\u00e9 kytary: \u00a0<strong>Jitku Tampierovou<\/strong> vyst\u0159\u00eddal <strong>Tom\u00e1\u0161 Marhoun<\/strong> a tak\u00e9 dechov\u00e1 sekce zna\u010dn\u011b ze\u0161t\u00edhlela (ze 6. na 4. \u010dleny). Tyto velk\u00e9 zm\u011bny zavr\u0161il je\u0161t\u011b koncem roku <strong>Michal \u0160kola<\/strong>, kter\u00fd z\u00a0rodinn\u00fdch d\u016fvod\u016f spolupr\u00e1ci s\u00a0orchestrem p\u0159eru\u0161il. Na jeho m\u00edsto nastoupil (v roce 2007) poslucha\u010d A\u0165ky Knotkov\u00e9 <em>(je u\u010ditelkou klasick\u00e9ho a popov\u00e9ho zp\u011bvu na ZU\u0160)<\/em> <strong>Luk\u00e1\u0161 Rand\u00e1k<\/strong>, kter\u00fd skv\u011ble zapadl ke st\u00e1vaj\u00edc\u00ed dvojici zp\u011bva\u010dek a vytvo\u0159ili kompaktn\u011b p\u016fsob\u00edc\u00ed trio.<\/p>\n<p>V\u0161echny tyto zm\u011bny, p\u0159i kter\u00fdch do\u0161lo k\u00a0v\u00fdm\u011bn\u011b muzikant\u016f na v\u011bt\u0161in\u011b pozic, se musely z\u00e1konit\u011b projevit na stylu pr\u00e1ce a celkov\u00e9m image kapely. Nab\u00edz\u00ed se podobenstv\u00ed o b\u00e1jn\u00e9m F\u00e9nixovi, kter\u00fd vstal ze sv\u00e9ho vlastn\u00edho popela. D\u00edky tomu, \u017ee se pustil do aran\u017eov\u00e1n\u00ed skladeb (vedle kapeln\u00edka) i buben\u00edk <strong>Martin Ma\u0165ha<\/strong>, dok\u00e1zala kapela v\u00a0kr\u00e1tk\u00e9 dob\u011b vytvo\u0159it skoro \u00fapln\u011b nov\u00fd reperto\u00e1r dopln\u011bn\u00fd n\u011bkter\u00fdmi nest\u00e1rnouc\u00edmi evergreeny. Do ka\u017ed\u00e9 n\u00e1sleduj\u00edc\u00ed sez\u00f3ny nastupoval Variant minim\u00e1ln\u011b s t\u0159iceti nov\u00fdmi skladbami!<\/p>\n<p>Od t\u00e9 doby si kapela z\u00edskala hodn\u011b p\u0159\u00edznivc\u016f hlavn\u011b u mlad\u0161\u00ed a st\u0159edn\u00ed generace d\u00edky posunu od klasick\u00e9ho \u201eplesov\u00e9ho\u201c pojet\u00ed (50. &#8211; 60. l\u00e9ta) k\u00a0sou\u010dasn\u00e9mu zp\u016fsobu interpretace. Tento zp\u016fsob pr\u00e1ce u\u017e ov\u0161em vy\u017eaduje profesion\u00e1ln\u00ed technick\u00e9 a organiza\u010dn\u00ed z\u00e1zem\u00ed, kter\u00e9 Variantu poskytuje na vysok\u00e9 \u00farovni\u00a0 agentura <strong>D.J.M.AGENCY<\/strong>, kter\u00e1 vzala kapelu trvale pod sv\u00e1 k\u0159\u00eddla v\u00a0roce 2007.<\/p>\n<p style=\"text-align: center;\"><span style=\"font-size: 18pt; color: #ff9900;\">V\u00fdb\u011br fotek z let 1979-1999<\/span><\/p>\n<div class=\"gmedia_gallery amron_module is_bot\" id=\"GmediaGallery_38\" data-gmid=\"38\" data-module=\"amron\"><script type=\"text\/javascript\">\n\t(function() {\n\t\tthis['GmediaGallery_38'] = {\n\t\t\t'settings':{\"collectionThumbRecomendedWidth\":\"260\",\"collectionPreloaderColor\":\"333333\",\"linkTargetWindow\":\"_blank\",\"thumbSpacing\":\"10\",\"tagsFilter\":\"1\",\"tagCloudAll\":\"All\",\"tagCloudTextColor\":\"rgba(0, 0, 0, 1)\",\"tagCloudTextColorOver\":\"rgba(255,255, 255, 1)\",\"tagCloudBgColor\":\"rgba(211, 211, 211, 1)\",\"tagCloudBgColorOver\":\"rgba(11, 11, 11, 1)\",\"collectionThumbHoverColor\":\"rgba(0, 0, 0, .7)\",\"collectionThumbContentBGColor\":\"rgba(245,245,245,1)\",\"collectionThumbTitleShow\":\"1\",\"collectionThumbTitleColor\":\"rgba(0,0,0,1)\",\"collectionThumbFontSize\":\"18\",\"collectionThumbDescriptionShow\":\"1\",\"collectionThumbDescriptionColor\":\"rgba(0,0,0,1)\",\"collectionThumbDescriptionFontSize\":\"15\",\"collectionReadMoreButtonLabel\":\"Read More\",\"collectionReadMoreButtonLabelColor\":\"rgba(255, 255, 255, 1)\",\"collectionReadMoreButtonBGColor\":\"rgba(0, 0, 0, 1)\",\"collectionReadMoreButtonLabelColorHover\":\"rgba(0, 0, 0, 1)\",\"collectionReadMoreButtonBGColorHover\":\"rgba(235,235,235,1)\",\"modaBgColor\":\"rgba(0,0,0,0.9)\",\"modalInfoBoxBgColor\":\"rgba(255,255,255,1)\",\"modalInfoBoxTitleTextColor\":\"000000\",\"modalInfoBoxTextColor\":\"333333\",\"infoBarCountersEnable\":\"1\",\"infoBarDateInfoEnable\":\"1\",\"lightBoxEnable\":\"1\",\"sliderPreloaderColor\":\"ffffff\",\"sliderBgColor\":\"rgba(0,0,0,0.8)\",\"sliderHeaderFooterBgColor\":\"000000\",\"sliderNavigationColor\":\"rgba(0,0,0,1)\",\"sliderNavigationIconColor\":\"rgba(255,255,255,1)\",\"sliderNavigationColorOver\":\"rgba(255,255,255,1)\",\"sliderNavigationIconColorOver\":\"rgba(0,0,0,1)\",\"sliderItemTitleFontSize\":\"24\",\"sliderItemTitleTextColor\":\"ffffff\",\"sliderThumbBarEnable\":\"0\",\"sliderThumbBarHoverColor\":\"ffffff\",\"sliderThumbSubMenuBackgroundColor\":\"rgba(0,0,0,1)\",\"sliderThumbSubMenuBackgroundColorOver\":\"rgba(255,255,255,1)\",\"sliderThumbSubMenuIconColor\":\"rgba(255,255,255,1)\",\"sliderThumbSubMenuIconHoverColor\":\"rgba(0,0,0,1)\",\"sliderInfoEnable\":\"1\",\"sliderItemDownload\":\"1\",\"sliderItemDiscuss\":\"1\",\"sliderSocialShareEnabled\":\"1\",\"sliderLikesEnabled\":\"1\",\"customCSS\":\"\",\"module_url\":\"https:\\\/\\\/www.variantcb.cz\\\/wp-content\\\/plugins\\\/grand-media\\\/module\\\/amron\",\"license\":\"\",\"post_url\":\"https:\\\/\\\/www.variantcb.cz?rest_route=wpv2pages1787\"},\n\t\t\t'appQuery':{\"orderby\":\"ID\",\"order\":\"DESC\",\"album__in\":\"35\",\"status\":[\"publish\"],\"limit\":100},\n\t\t\t'appApi':\"https:\\\/\\\/www.variantcb.cz\\\/?gmedia-app=1&gmappversion=4&gmmodule=1\",\n\t\t\t'appInfo':{\"name\":\"V\\u00fdb\\u011br fotek z let 1979-1999\",\"description\":\"\"}};\n\t})();\n<\/script>\n<\/div>\n<p style=\"text-align: center;\"><span style=\"font-size: 18pt; color: #ff9900;\">V\u00fdb\u011br fotek z let 2000-2009<\/span><\/p>\n<div class=\"gmedia_gallery amron_module is_bot\" id=\"GmediaGallery_41\" data-gmid=\"41\" data-module=\"amron\"><script type=\"text\/javascript\">\n\t(function() {\n\t\tthis['GmediaGallery_41'] = {\n\t\t\t'settings':{\"collectionThumbRecomendedWidth\":\"260\",\"collectionPreloaderColor\":\"333333\",\"linkTargetWindow\":\"_blank\",\"thumbSpacing\":\"10\",\"tagsFilter\":\"1\",\"tagCloudAll\":\"All\",\"tagCloudTextColor\":\"rgba(0, 0, 0, 1)\",\"tagCloudTextColorOver\":\"rgba(255,255, 255, 1)\",\"tagCloudBgColor\":\"rgba(211, 211, 211, 1)\",\"tagCloudBgColorOver\":\"rgba(11, 11, 11, 1)\",\"collectionThumbHoverColor\":\"rgba(0, 0, 0, .7)\",\"collectionThumbContentBGColor\":\"rgba(245,245,245,1)\",\"collectionThumbTitleShow\":\"1\",\"collectionThumbTitleColor\":\"rgba(0,0,0,1)\",\"collectionThumbFontSize\":\"18\",\"collectionThumbDescriptionShow\":\"1\",\"collectionThumbDescriptionColor\":\"rgba(0,0,0,1)\",\"collectionThumbDescriptionFontSize\":\"15\",\"collectionReadMoreButtonLabel\":\"Read More\",\"collectionReadMoreButtonLabelColor\":\"rgba(255, 255, 255, 1)\",\"collectionReadMoreButtonBGColor\":\"rgba(0, 0, 0, 1)\",\"collectionReadMoreButtonLabelColorHover\":\"rgba(0, 0, 0, 1)\",\"collectionReadMoreButtonBGColorHover\":\"rgba(235,235,235,1)\",\"modaBgColor\":\"rgba(0,0,0,0.9)\",\"modalInfoBoxBgColor\":\"rgba(255,255,255,1)\",\"modalInfoBoxTitleTextColor\":\"000000\",\"modalInfoBoxTextColor\":\"333333\",\"infoBarCountersEnable\":\"1\",\"infoBarDateInfoEnable\":\"1\",\"lightBoxEnable\":\"1\",\"sliderPreloaderColor\":\"ffffff\",\"sliderBgColor\":\"rgba(0,0,0,0.8)\",\"sliderHeaderFooterBgColor\":\"000000\",\"sliderNavigationColor\":\"rgba(0,0,0,1)\",\"sliderNavigationIconColor\":\"rgba(255,255,255,1)\",\"sliderNavigationColorOver\":\"rgba(255,255,255,1)\",\"sliderNavigationIconColorOver\":\"rgba(0,0,0,1)\",\"sliderItemTitleFontSize\":\"24\",\"sliderItemTitleTextColor\":\"ffffff\",\"sliderThumbBarEnable\":\"0\",\"sliderThumbBarHoverColor\":\"ffffff\",\"sliderThumbSubMenuBackgroundColor\":\"rgba(0,0,0,1)\",\"sliderThumbSubMenuBackgroundColorOver\":\"rgba(255,255,255,1)\",\"sliderThumbSubMenuIconColor\":\"rgba(255,255,255,1)\",\"sliderThumbSubMenuIconHoverColor\":\"rgba(0,0,0,1)\",\"sliderInfoEnable\":\"1\",\"sliderItemDownload\":\"1\",\"sliderItemDiscuss\":\"1\",\"sliderSocialShareEnabled\":\"1\",\"sliderLikesEnabled\":\"1\",\"customCSS\":\"\",\"module_url\":\"https:\\\/\\\/www.variantcb.cz\\\/wp-content\\\/plugins\\\/grand-media\\\/module\\\/amron\",\"license\":\"\",\"post_url\":\"https:\\\/\\\/www.variantcb.cz?rest_route=wpv2pages1787\"},\n\t\t\t'appQuery':{\"orderby\":\"ID\",\"order\":\"DESC\",\"album__in\":\"39\",\"status\":[\"publish\"],\"limit\":100},\n\t\t\t'appApi':\"https:\\\/\\\/www.variantcb.cz\\\/?gmedia-app=1&gmappversion=4&gmmodule=1\",\n\t\t\t'appInfo':{\"name\":\"2000-2009\",\"description\":\"\"}};\n\t})();\n<\/script>\n<\/div>\n<p style=\"text-align: center;\">pokra\u010dov\u00e1n\u00ed brzy \ud83d\ude42<\/p>\n<p style=\"text-align: center;\">\n<p style=\"text-align: center;\">\n<p style=\"text-align: center;\">\n","protected":false},"excerpt":{"rendered":"<p>STRU\u010cN\u00c9 D\u011aJINY VARIANTU (1971-1974-2009) P\u0159\u00edm\u00fdm p\u0159edch\u016fdcem tane\u010dn\u00edho orchestru VARIANT, byla kapela \u010d\u00edtaj\u00edc\u00ed \u0161est muzikant\u016f \u2013 hr\u00e1la p\u0159ev\u00e1\u017en\u011b \u201elidovku\u201c \u2013 zalo\u017een\u00e1 roku 1971 p\u0159i \u201eOsv\u011btov\u00e9 besed\u011b\u201c v\u00a0Kamenn\u00e9m \u00dajezd\u011b, kter\u00e1 si \u0159\u00edkala \u201eOB kolektiv\u201c. Jej\u00edm prvn\u00edm kapeln\u00edkem byl tenor-saxofonista\u00a0 Jan Karv\u00e1nek \u2013 \u201epraotec Variantu\u201c. Nyn\u011bj\u0161\u00ed jm\u00e9no kapely \u2013 VARIANT \u2013 vyst\u0159\u00eddalo p\u016fvodn\u00ed n\u00e1zev v\u00a0roce 1974 a od [&hellip;]<\/p>\n","protected":false},"author":3,"featured_media":0,"parent":10,"menu_order":7,"comment_status":"open","ping_status":"closed","template":"","meta":{"footnotes":""},"class_list":["post-1787","page","type-page","status-publish","hentry"],"_links":{"self":[{"href":"https:\/\/www.variantcb.cz\/index.php?rest_route=\/wp\/v2\/pages\/1787","targetHints":{"allow":["GET"]}}],"collection":[{"href":"https:\/\/www.variantcb.cz\/index.php?rest_route=\/wp\/v2\/pages"}],"about":[{"href":"https:\/\/www.variantcb.cz\/index.php?rest_route=\/wp\/v2\/types\/page"}],"author":[{"embeddable":true,"href":"https:\/\/www.variantcb.cz\/index.php?rest_route=\/wp\/v2\/users\/3"}],"replies":[{"embeddable":true,"href":"https:\/\/www.variantcb.cz\/index.php?rest_route=%2Fwp%2Fv2%2Fcomments&post=1787"}],"version-history":[{"count":0,"href":"https:\/\/www.variantcb.cz\/index.php?rest_route=\/wp\/v2\/pages\/1787\/revisions"}],"up":[{"embeddable":true,"href":"https:\/\/www.variantcb.cz\/index.php?rest_route=\/wp\/v2\/pages\/10"}],"wp:attachment":[{"href":"https:\/\/www.variantcb.cz\/index.php?rest_route=%2Fwp%2Fv2%2Fmedia&parent=1787"}],"curies":[{"name":"wp","href":"https:\/\/api.w.org\/{rel}","templated":true}]}}